{"id":3359,"date":"2015-03-19T17:54:23","date_gmt":"2015-03-19T16:54:23","guid":{"rendered":"http:\/\/demo-content.kaliumtheme.com\/main\/?page_id=3359"},"modified":"2025-05-29T11:09:22","modified_gmt":"2025-05-29T09:09:22","slug":"home","status":"publish","type":"page","link":"https:\/\/panczakiewicz.pl\/start\/","title":{"rendered":"Home"},"content":{"rendered":"<div class=\"wpb-content-wrapper\"><p>[vc_row full_width=&#8221;stretch_row_content_no_spaces&#8221;][vc_column]\t\t\t<script data-jetpack-boost=\"ignore\" src=\"\/\/panczakiewicz.pl\/start\/wp-content\/plugins\/revslider\/sr6\/assets\/js\/rbtools.min.js?rev=6.7.40\"><\/script>\n\t\t\t<script data-jetpack-boost=\"ignore\" src=\"\/\/panczakiewicz.pl\/start\/wp-content\/plugins\/revslider\/sr6\/assets\/js\/rs6.min.js?rev=6.7.40\"><\/script>\n\n\t\t\t<!-- START Homepagenowyfilm REVOLUTION SLIDER 6.7.40 --><p class=\"rs-p-wp-fix\"><\/p>\n\t\t\t<rs-module-wrap id=\"rev_slider_9_1_wrapper\" data-source=\"gallery\" style=\"visibility:hidden;background:#eeeeee;padding:0;\">\n\t\t\t\t<rs-module id=\"rev_slider_9_1\" style=\"\" data-version=\"6.7.40\">\n\t\t\t\t\t<rs-slides style=\"overflow: hidden; position: absolute;\">\n\t\t\t\t\t\t<rs-slide style=\"position: absolute;\" data-key=\"rs-23\" data-title=\"Intro Slide\" data-anim=\"ms:50;\" data-in=\"o:0;\" data-out=\"a:false;\">\n\t\t\t\t\t\t\t<img decoding=\"async\" src=\"\/\/panczakiewicz.pl\/start\/wp-content\/plugins\/revslider\/sr6\/assets\/assets\/dummy.png\" alt=\"\" title=\"Home\" class=\"rev-slidebg tp-rs-img rs-lazyload\" data-lazyload=\"\/\/panczakiewicz.pl\/start\/wp-content\/uploads\/revslider\/objects\/Fireworks.jpg\" data-parallax=\"off\" data-no-retina>\n\t\t\t\t\t\t\t<rs-bgvideo \n\t\t\t\t\t\t\t\tdata-video=\"w:100%;h:100%;nse:false;rwd:false;l:false;ptimer:false;vfc:true;\"\n\t\t\t\t\t\t\t\tdata-mp4=\"\/\/panczakiewicz.pl\/start\/wp-content\/uploads\/2019\/12\/Paint-4043.mp4\"\n\t\t\t\t\t\t\t><\/rs-bgvideo>\n<!--\n\t\t\t\t\t\t\t--><rs-layer\n\t\t\t\t\t\t\t\tid=\"slider-9-slide-23-layer-4\" \n\t\t\t\t\t\t\t\tclass=\"goNextSlide arrow-button rs-pxl-2\"\n\t\t\t\t\t\t\t\tdata-type=\"image\"\n\t\t\t\t\t\t\t\tdata-rsp_ch=\"on\"\n\t\t\t\t\t\t\t\tdata-xy=\"xo:1086px,935px,694px,50px;y:m,m,m,b;yo:235px,236px,247px,36px;\"\n\t\t\t\t\t\t\t\tdata-text=\"l:22;\"\n\t\t\t\t\t\t\t\tdata-dim=\"w:[&#039;51px&#039;,&#039;51px&#039;,&#039;51px&#039;,&#039;51px&#039;];h:[&#039;35px&#039;,&#039;35px&#039;,&#039;35px&#039;,&#039;35px&#039;];\"\n\t\t\t\t\t\t\t\tdata-actions='o:click;a:jumptoslide;slide:next;'\n\t\t\t\t\t\t\t\tdata-frame_0=\"x:-50px;\"\n\t\t\t\t\t\t\t\tdata-frame_1=\"e:easeOutCirc;st:6420;sR:6420;\"\n\t\t\t\t\t\t\t\tdata-frame_999=\"st:7570;sp:330;sR:850;auto:true;\"\n\t\t\t\t\t\t\t\tstyle=\"z-index:8;\"\n\t\t\t\t\t\t\t><img decoding=\"async\" src=\"\/\/panczakiewicz.pl\/start\/wp-content\/plugins\/revslider\/sr6\/assets\/assets\/dummy.png\" alt=\"\" class=\"tp-rs-img rs-lazyload\" data-lazyload=\"\/\/demo.kaliumtheme.com\/main\/wp-content\/uploads\/revslider\/homepage\/next.png\" data-no-retina> \n\t\t\t\t\t\t\t<\/rs-layer><!--\n\n\t\t\t\t\t\t\t--><rs-layer\n\t\t\t\t\t\t\t\tid=\"slider-9-slide-23-layer-27\" \n\t\t\t\t\t\t\t\tdata-type=\"text\"\n\t\t\t\t\t\t\t\tdata-rsp_ch=\"on\"\n\t\t\t\t\t\t\t\tdata-xy=\"xo:509px,457px,347px,214px;yo:491px,441px,335px,366px;\"\n\t\t\t\t\t\t\t\tdata-text=\"w:normal;s:85,76,57,35;l:102,91,69,42;fw:200;a:center;\"\n\t\t\t\t\t\t\t\tdata-dim=\"w:294,264,200,123;minh:0,none,none,none;\"\n\t\t\t\t\t\t\t\tdata-frame_0=\"x:112px,100px,75px,46px;\"\n\t\t\t\t\t\t\t\tdata-frame_1=\"e:easeOutCirc;st:8080;sp:920;sR:8080;\"\n\t\t\t\t\t\t\t\tdata-frame_999=\"o:0;e:none;st:w;sp:0;\"\n\t\t\t\t\t\t\t\tstyle=\"z-index:13;background-color:#ea0000;font-family:'Montserrat';\"\n\t\t\t\t\t\t\t>studio \n\t\t\t\t\t\t\t<\/rs-layer><!--\n\n\t\t\t\t\t\t\t--><rs-layer\n\t\t\t\t\t\t\t\tid=\"slider-9-slide-23-layer-28\" \n\t\t\t\t\t\t\t\tdata-type=\"text\"\n\t\t\t\t\t\t\t\tdata-color=\"#8e8e93\"\n\t\t\t\t\t\t\t\tdata-rsp_ch=\"on\"\n\t\t\t\t\t\t\t\tdata-xy=\"xo:23px,20px,15px,9px;yo:234px,210px,159px,268px;\"\n\t\t\t\t\t\t\t\tdata-text=\"w:normal;s:128,114,86,53;l:145,130,98,60;fw:200;\"\n\t\t\t\t\t\t\t\tdata-dim=\"minh:0,none,none,none;\"\n\t\t\t\t\t\t\t\tdata-frame_0=\"y:80px,71px,53px,32px;\"\n\t\t\t\t\t\t\t\tdata-frame_1=\"e:easeOutSine;st:6500;sp:1080;sR:6500;\"\n\t\t\t\t\t\t\t\tdata-frame_999=\"o:0;e:nothing;st:w;sp:0;sR:1420;\"\n\t\t\t\t\t\t\t\tstyle=\"z-index:12;font-family:'Montserrat';\"\n\t\t\t\t\t\t\t>PANCZAKIEWICZ \n\t\t\t\t\t\t\t<\/rs-layer><!--\n\n\t\t\t\t\t\t\t--><rs-layer\n\t\t\t\t\t\t\t\tid=\"slider-9-slide-23-layer-29\" \n\t\t\t\t\t\t\t\tdata-type=\"text\"\n\t\t\t\t\t\t\t\tdata-color=\"#8e8e93\"\n\t\t\t\t\t\t\t\tdata-rsp_ch=\"on\"\n\t\t\t\t\t\t\t\tdata-xy=\"xo:31px,27px,20px,12px;yo:357px,320px,243px,309px;\"\n\t\t\t\t\t\t\t\tdata-text=\"w:normal;s:128,114,86,53;l:145,130,98,60;fw:200;\"\n\t\t\t\t\t\t\t\tdata-dim=\"minh:0,none,none,none;\"\n\t\t\t\t\t\t\t\tdata-frame_0=\"y:80px,71px,53px,32px;\"\n\t\t\t\t\t\t\t\tdata-frame_1=\"e:easeOutSine;st:7550;sp:1450;sR:7550;\"\n\t\t\t\t\t\t\t\tdata-frame_999=\"o:0;e:nothing;st:w;sp:0;\"\n\t\t\t\t\t\t\t\tstyle=\"z-index:11;font-family:'Montserrat';\"\n\t\t\t\t\t\t\t>ART \n\t\t\t\t\t\t\t<\/rs-layer><!--\n\n\t\t\t\t\t\t\t--><rs-layer\n\t\t\t\t\t\t\t\tid=\"slider-9-slide-23-layer-30\" \n\t\t\t\t\t\t\t\tdata-type=\"text\"\n\t\t\t\t\t\t\t\tdata-color=\"#8e8e93\"\n\t\t\t\t\t\t\t\tdata-rsp_ch=\"on\"\n\t\t\t\t\t\t\t\tdata-xy=\"xo:307px,275px,208px,128px;yo:357px,320px,243px,309px;\"\n\t\t\t\t\t\t\t\tdata-text=\"w:normal;s:128,114,86,53;l:145,130,98,60;fw:200;\"\n\t\t\t\t\t\t\t\tdata-dim=\"minh:0,none,none,none;\"\n\t\t\t\t\t\t\t\tdata-frame_0=\"y:80px,71px,53px,32px;\"\n\t\t\t\t\t\t\t\tdata-frame_1=\"e:easeOutSine;st:7530;sp:1470;sR:7530;\"\n\t\t\t\t\t\t\t\tdata-frame_999=\"o:0;e:nothing;st:w;sp:0;\"\n\t\t\t\t\t\t\t\tstyle=\"z-index:10;font-family:'Montserrat';\"\n\t\t\t\t\t\t\t>DESIGN \n\t\t\t\t\t\t\t<\/rs-layer><!--\n\n\t\t\t\t\t\t\t--><rs-layer\n\t\t\t\t\t\t\t\tid=\"slider-9-slide-23-layer-32\" \n\t\t\t\t\t\t\t\tdata-type=\"text\"\n\t\t\t\t\t\t\t\tdata-color=\"#ea0000\"\n\t\t\t\t\t\t\t\tdata-rsp_ch=\"on\"\n\t\t\t\t\t\t\t\tdata-xy=\"xo:275px,247px,187px,115px;yo:355px,318px,241px,308px;\"\n\t\t\t\t\t\t\t\tdata-text=\"w:normal;s:128,114,86,53;l:145,130,98,60;fw:500;\"\n\t\t\t\t\t\t\t\tdata-dim=\"minh:0,none,none,none;\"\n\t\t\t\t\t\t\t\tdata-frame_0=\"y:80px,71px,53px,32px;\"\n\t\t\t\t\t\t\t\tdata-frame_1=\"e:easeOutSine;st:8070;sp:930;sR:8070;\"\n\t\t\t\t\t\t\t\tdata-frame_999=\"o:0;e:nothing;st:w;sp:0;\"\n\t\t\t\t\t\t\t\tstyle=\"z-index:9;font-family:'Montserrat';\"\n\t\t\t\t\t\t\t>. \n\t\t\t\t\t\t\t<\/rs-layer><!--\n\n\t\t\t\t\t\t\t--><rs-layer\n\t\t\t\t\t\t\t\tid=\"slider-9-slide-23-layer-34\" \n\t\t\t\t\t\t\t\tdata-type=\"text\"\n\t\t\t\t\t\t\t\tdata-color=\"#4f5051\"\n\t\t\t\t\t\t\t\tdata-rsp_ch=\"on\"\n\t\t\t\t\t\t\t\tdata-xy=\"xo:510px,458px,347px,215px;yo:544px,488px,370px,388px;\"\n\t\t\t\t\t\t\t\tdata-text=\"w:normal;s:32,28,21,14;l:153,137,104,64;ls:7,6,4,2;fw:500;\"\n\t\t\t\t\t\t\t\tdata-dim=\"minh:0,none,none,none;\"\n\t\t\t\t\t\t\t\tdata-frame_0=\"y:51px,45px,34px,20px;\"\n\t\t\t\t\t\t\t\tdata-frame_1=\"e:easeOutSine;st:8070;sp:930;sR:8070;\"\n\t\t\t\t\t\t\t\tdata-frame_999=\"o:0;e:nothing;st:w;sp:0;\"\n\t\t\t\t\t\t\t\tstyle=\"z-index:14;font-family:'Montserrat';\"\n\t\t\t\t\t\t\t>projektowania graficznego \n\t\t\t\t\t\t\t<\/rs-layer><!--\n-->\t\t\t\t\t<\/rs-slide>\n\t\t\t\t\t<\/rs-slides>\n\t\t\t\t\t<rs-static-layers><!--\n\t\t\t\t\t--><\/rs-static-layers>\n\t\t\t\t<\/rs-module>\n\t\t\t\t<script data-jetpack-boost=\"ignore\">\n\t\t\t\t\tsetREVStartSize({c: 'rev_slider_9_1',rl:[1240,1024,778,480],el:[700,768,960,720],gw:[1140,1024,778,480],gh:[700,768,960,720],type:'standard',justify:'',layout:'fullscreen',offsetContainer:'',offset:'',mh:\"0\"});if (window.RS_MODULES!==undefined && window.RS_MODULES.modules!==undefined && window.RS_MODULES.modules[\"revslider91\"]!==undefined) {window.RS_MODULES.modules[\"revslider91\"].once = false;window.revapi9 = undefined;if (window.RS_MODULES.checkMinimal!==undefined) window.RS_MODULES.checkMinimal()}\n\t\t\t\t<\/script>\n\t\t\t<\/rs-module-wrap>\n\t\t\t<!-- END REVOLUTION SLIDER -->\n[\/vc_column][\/vc_row][vc_row][vc_column][vc_empty_space height=&#8221;52px&#8221;][\/vc_column][\/vc_row][vc_row][vc_column css_animation=&#8221;none&#8221; width=&#8221;1\/4&#8243;][vc_row_inner][vc_column_inner][lab_service_box][vc_icon icon_linea=&#8221;icon-basic-clessidre&#8221; size=&#8221;lg&#8221;][lab_service_box_content title=&#8221;HISTORIA I TRADYCJA&#8221; description=&#8221;Jeste\u015bmy pr\u0119\u017cnie rozwijaj\u0105c\u0105 si\u0119 firm\u0105, kt\u00f3ra odnosi wiele sukces\u00f3w. A do tego jeszcze co\u015b\u2026&#8221;][vc_icon icon_linea=&#8221;icon-basic-eye&#8221; align=&#8221;right&#8221; link=&#8221;url:https%3A%2F%2Fpanczakiewicz.pl%2Fstart%2Fhistoria-i-tradycja%2F|title:Historia%20i%20tradycja||&#8221;][\/lab_service_box][\/vc_column_inner][\/vc_row_inner][\/vc_column][vc_column width=&#8221;1\/4&#8243;][vc_row_inner][vc_column_inner][lab_service_box][vc_icon icon_linea=&#8221;icon-basic-paperplane&#8221; size=&#8221;lg&#8221;][lab_service_box_content title=&#8221;NASZA MISJA TO\u2026&#8221; description=&#8221;Stawiamy na jako\u015b\u0107 i nietuzinkowo\u015b\u0107 projekt\u00f3w. Maj\u0105 by\u0107 kreatywne i zapami\u0119tywalne!&#8221;][vc_icon icon_linea=&#8221;icon-basic-eye&#8221; align=&#8221;right&#8221; link=&#8221;url:https%3A%2F%2Fpanczakiewicz.pl%2Fstart%2Fo-nas%2F|title:O%20nas||&#8221;][\/lab_service_box][\/vc_column_inner][\/vc_row_inner][\/vc_column][vc_column width=&#8221;1\/4&#8243;][vc_row_inner][vc_column_inner][lab_service_box][vc_icon icon_linea=&#8221;icon-basic-target&#8221; size=&#8221;lg&#8221;][lab_service_box_content title=&#8221;S\u0141AWNI O NAS\u2026&#8221; description=&#8221;Zach\u0119camy do przeczytania opinii na temat naszych projekt\u00f3w jak i r\u00f3wnie\u017c o nas samych.&#8221;][vc_icon icon_linea=&#8221;icon-basic-eye&#8221; align=&#8221;right&#8221; link=&#8221;url:https%3A%2F%2Fpanczakiewicz.pl%2Fstart%2Fo-nas%2F|||&#8221;][\/lab_service_box][\/vc_column_inner][\/vc_row_inner][\/vc_column][vc_column width=&#8221;1\/4&#8243;][vc_row_inner][vc_column_inner][lab_service_box][vc_icon icon_linea=&#8221;icon-basic-gear&#8221; size=&#8221;lg&#8221;][lab_service_box_content title=&#8221;NASZA OFERTA&#8221; description=&#8221;Zajmujemy si\u0119 obs\u0142ug\u0105 graficzn\u0105 dla wydawnictw, reklam\u0105 oraz us\u0142ugami Internetowymi.&#8221;][vc_icon icon_linea=&#8221;icon-basic-eye&#8221; align=&#8221;right&#8221; link=&#8221;url:https%3A%2F%2Fpanczakiewicz.pl%2Fstart%2Foferta%2F|title:Oferta||&#8221;][\/lab_service_box][\/vc_column_inner][\/vc_row_inner][\/vc_column][\/vc_row][vc_row][vc_column][vc_zigzag][\/vc_column][\/vc_row][vc_row no_bottom_margin=&#8221;yes&#8221; css=&#8221;.vc_custom_1561451020303{padding-top: 40px !important;padding-bottom: 40px !important;}&#8221;][vc_column css=&#8221;.vc_custom_1498251402115{padding-top: 0px !important;}&#8221;][lab_portfolio_items title=&#8221;Najnowsze projekty&#8221; description=&#8221;prezentujemy tutaj nasz\u0105 codzienn\u0105 prac\u0119, robimy to, co kochamy!&#8221; portfolio_type=&#8221;type-2&#8243; dynamic_image_height=&#8221;yes&#8221; pagination_type=&#8221;endless&#8221; endless_show_more_button_text=&#8221;Poka\u017c wi\u0119cej&#8221; endless_no_more_items_button_text=&#8221;Nie ma ju\u017c wi\u0119cej projekt\u00f3w do wy\u015bwietlenia&#8221; portfolio_query=&#8221;size:8|order_by:date|post_type:portfolio&#8221;][\/vc_column][\/vc_row]\u00a0 <!--[vc_row css_animation=\"fadeIn\"][vc_column][rev_slider alias=\"slider-1\"][\/vc_column][\/vc_row]--><\/p>\n<\/div>","protected":false},"excerpt":{"rendered":"<p>[vc_row full_width=&#8221;stretch_row_content_no_spaces&#8221;][vc_column][\/vc_column][\/vc_row][vc_row][vc_column][vc_empty_space height=&#8221;52px&#8221;][\/vc_column][\/vc_row][vc_row][vc_column css_animation=&#8221;none&#8221; width=&#8221;1\/4&#8243;][vc_row_inner][vc_column_inner][lab_service_box][vc_icon icon_linea=&#8221;icon-basic-clessidre&#8221; size=&#8221;lg&#8221;][lab_service_box_content title=&#8221;HISTORIA I TRADYCJA&#8221; description=&#8221;Jeste\u015bmy pr\u0119\u017cnie rozwijaj\u0105c\u0105 si\u0119 firm\u0105, kt\u00f3ra odnosi wiele sukces\u00f3w. A do tego jeszcze co\u015b\u2026&#8221;][vc_icon icon_linea=&#8221;icon-basic-eye&#8221; align=&#8221;right&#8221; link=&#8221;url:https%3A%2F%2Fpanczakiewicz.pl%2Fstart%2Fhistoria-i-tradycja%2F|title:Historia%20i%20tradycja||&#8221;][\/lab_service_box][\/vc_column_inner][\/vc_row_inner][\/vc_column][vc_column width=&#8221;1\/4&#8243;][vc_row_inner][vc_column_inner][lab_service_box][vc_icon icon_linea=&#8221;icon-basic-paperplane&#8221; size=&#8221;lg&#8221;][lab_service_box_content title=&#8221;NASZA MISJA TO\u2026&#8221; description=&#8221;Stawiamy na jako\u015b\u0107 i nietuzinkowo\u015b\u0107 projekt\u00f3w. Maj\u0105 by\u0107 kreatywne i zapami\u0119tywalne!&#8221;][vc_icon icon_linea=&#8221;icon-basic-eye&#8221; align=&#8221;right&#8221; link=&#8221;url:https%3A%2F%2Fpanczakiewicz.pl%2Fstart%2Fo-nas%2F|title:O%20nas||&#8221;][\/lab_service_box][\/vc_column_inner][\/vc_row_inner][\/vc_column][vc_column width=&#8221;1\/4&#8243;][vc_row_inner][vc_column_inner][lab_service_box][vc_icon icon_linea=&#8221;icon-basic-target&#8221; size=&#8221;lg&#8221;][lab_service_box_content title=&#8221;S\u0141AWNI O NAS\u2026&#8221; description=&#8221;Zach\u0119camy do&hellip;<\/p>\n","protected":false},"author":1,"featured_media":0,"parent":0,"menu_order":0,"comment_status":"open","ping_status":"closed","template":"","meta":{"_acf_changed":false,"footnotes":""},"class_list":["post-3359","page","type-page","status-publish","hentry"],"acf":[],"yoast_head":"<!-- This site is optimized with the Yoast SEO plugin v26.9 - https:\/\/yoast.com\/product\/yoast-seo-wordpress\/ -->\r\n<title>PANCZAKIEWICZ ART.DESIGN | Studio projektowania graficznego<\/title>\r\n<meta name=\"description\" content=\"Jeste\u015bmy studiem projektowania graficznego z Krakowa. Zajmujemy si\u0119 kompleksow\u0105 obs\u0142ug\u0105 graficzn\u0105 dla poligrafii, reklamy i Internetu.\" \/>\r\n<meta name=\"robots\" content=\"index, follow, max-snippet:-1, max-image-preview:large, max-video-preview:-1\" \/>\r\n<link rel=\"canonical\" href=\"https:\/\/panczakiewicz.pl\/start\/\" \/>\r\n<meta property=\"og:locale\" content=\"pl_PL\" \/>\r\n<meta property=\"og:type\" content=\"article\" \/>\r\n<meta property=\"og:title\" content=\"PANCZAKIEWICZ ART.DESIGN | Studio projektowania graficznego\" \/>\r\n<meta property=\"og:description\" content=\"Jeste\u015bmy studiem projektowania graficznego z Krakowa. Zajmujemy si\u0119 kompleksow\u0105 obs\u0142ug\u0105 graficzn\u0105 dla poligrafii, reklamy i Internetu.\" \/>\r\n<meta property=\"og:url\" content=\"https:\/\/panczakiewicz.pl\/start\/\" \/>\r\n<meta property=\"og:site_name\" content=\"PANCZAKIEWICZ ART.DESIGN | Studio projektowania graficznego\" \/>\r\n<meta property=\"article:publisher\" content=\"https:\/\/www.facebook.com\/PANCZAKIEWICZ.ART.DESIGN\" \/>\r\n<meta property=\"article:modified_time\" content=\"2025-05-29T09:09:22+00:00\" \/>\r\n<meta name=\"twitter:card\" content=\"summary_large_image\" \/>\r\n<meta name=\"twitter:label1\" content=\"Szacowany czas czytania\" \/>\n\t<meta name=\"twitter:data1\" content=\"1 minuta\" \/>\r\n<script type=\"application\/ld+json\" class=\"yoast-schema-graph\">{\"@context\":\"https:\/\/schema.org\",\"@graph\":[{\"@type\":\"WebPage\",\"@id\":\"https:\/\/panczakiewicz.pl\/start\/\",\"url\":\"https:\/\/panczakiewicz.pl\/start\/\",\"name\":\"PANCZAKIEWICZ ART.DESIGN | Studio projektowania graficznego\",\"isPartOf\":{\"@id\":\"https:\/\/panczakiewicz.pl\/start\/#website\"},\"datePublished\":\"2015-03-19T16:54:23+00:00\",\"dateModified\":\"2025-05-29T09:09:22+00:00\",\"description\":\"Jeste\u015bmy studiem projektowania graficznego z Krakowa. Zajmujemy si\u0119 kompleksow\u0105 obs\u0142ug\u0105 graficzn\u0105 dla poligrafii, reklamy i Internetu.\",\"breadcrumb\":{\"@id\":\"https:\/\/panczakiewicz.pl\/start\/#breadcrumb\"},\"inLanguage\":\"pl-PL\",\"potentialAction\":[{\"@type\":\"ReadAction\",\"target\":[\"https:\/\/panczakiewicz.pl\/start\/\"]}]},{\"@type\":\"BreadcrumbList\",\"@id\":\"https:\/\/panczakiewicz.pl\/start\/#breadcrumb\",\"itemListElement\":[{\"@type\":\"ListItem\",\"position\":1,\"name\":\"Strona g\u0142\u00f3wna\",\"item\":\"https:\/\/panczakiewicz.pl\/start\/\"},{\"@type\":\"ListItem\",\"position\":2,\"name\":\"Home\"}]},{\"@type\":\"WebSite\",\"@id\":\"https:\/\/panczakiewicz.pl\/start\/#website\",\"url\":\"https:\/\/panczakiewicz.pl\/start\/\",\"name\":\"PANCZAKIEWICZ ART.DESIGN | Studio projektowania graficznego\",\"description\":\"Projektowanie mamy we krwi!\",\"publisher\":{\"@id\":\"https:\/\/panczakiewicz.pl\/start\/#organization\"},\"potentialAction\":[{\"@type\":\"SearchAction\",\"target\":{\"@type\":\"EntryPoint\",\"urlTemplate\":\"https:\/\/panczakiewicz.pl\/start\/?s={search_term_string}\"},\"query-input\":{\"@type\":\"PropertyValueSpecification\",\"valueRequired\":true,\"valueName\":\"search_term_string\"}}],\"inLanguage\":\"pl-PL\"},{\"@type\":\"Organization\",\"@id\":\"https:\/\/panczakiewicz.pl\/start\/#organization\",\"name\":\"PANCZAKIEWICZ ART.DESIGN\",\"url\":\"https:\/\/panczakiewicz.pl\/start\/\",\"logo\":{\"@type\":\"ImageObject\",\"inLanguage\":\"pl-PL\",\"@id\":\"https:\/\/panczakiewicz.pl\/start\/#\/schema\/logo\/image\/\",\"url\":\"http:\/\/panczakiewicz.pl\/start\/wp-content\/uploads\/2019\/12\/pad_logo_anim-2.gif\",\"contentUrl\":\"http:\/\/panczakiewicz.pl\/start\/wp-content\/uploads\/2019\/12\/pad_logo_anim-2.gif\",\"width\":122,\"height\":134,\"caption\":\"PANCZAKIEWICZ ART.DESIGN\"},\"image\":{\"@id\":\"https:\/\/panczakiewicz.pl\/start\/#\/schema\/logo\/image\/\"},\"sameAs\":[\"https:\/\/www.facebook.com\/PANCZAKIEWICZ.ART.DESIGN\",\"https:\/\/www.instagram.com\/ppanczakiewicz\/\"]}]}<\/script>\r\n<!-- \/ Yoast SEO plugin. -->","yoast_head_json":{"title":"PANCZAKIEWICZ ART.DESIGN | Studio projektowania graficznego","description":"Jeste\u015bmy studiem projektowania graficznego z Krakowa. Zajmujemy si\u0119 kompleksow\u0105 obs\u0142ug\u0105 graficzn\u0105 dla poligrafii, reklamy i Internetu.","robots":{"index":"index","follow":"follow","max-snippet":"max-snippet:-1","max-image-preview":"max-image-preview:large","max-video-preview":"max-video-preview:-1"},"canonical":"https:\/\/panczakiewicz.pl\/start\/","og_locale":"pl_PL","og_type":"article","og_title":"PANCZAKIEWICZ ART.DESIGN | Studio projektowania graficznego","og_description":"Jeste\u015bmy studiem projektowania graficznego z Krakowa. Zajmujemy si\u0119 kompleksow\u0105 obs\u0142ug\u0105 graficzn\u0105 dla poligrafii, reklamy i Internetu.","og_url":"https:\/\/panczakiewicz.pl\/start\/","og_site_name":"PANCZAKIEWICZ ART.DESIGN | Studio projektowania graficznego","article_publisher":"https:\/\/www.facebook.com\/PANCZAKIEWICZ.ART.DESIGN","article_modified_time":"2025-05-29T09:09:22+00:00","twitter_card":"summary_large_image","twitter_misc":{"Szacowany czas czytania":"1 minuta"},"schema":{"@context":"https:\/\/schema.org","@graph":[{"@type":"WebPage","@id":"https:\/\/panczakiewicz.pl\/start\/","url":"https:\/\/panczakiewicz.pl\/start\/","name":"PANCZAKIEWICZ ART.DESIGN | Studio projektowania graficznego","isPartOf":{"@id":"https:\/\/panczakiewicz.pl\/start\/#website"},"datePublished":"2015-03-19T16:54:23+00:00","dateModified":"2025-05-29T09:09:22+00:00","description":"Jeste\u015bmy studiem projektowania graficznego z Krakowa. Zajmujemy si\u0119 kompleksow\u0105 obs\u0142ug\u0105 graficzn\u0105 dla poligrafii, reklamy i Internetu.","breadcrumb":{"@id":"https:\/\/panczakiewicz.pl\/start\/#breadcrumb"},"inLanguage":"pl-PL","potentialAction":[{"@type":"ReadAction","target":["https:\/\/panczakiewicz.pl\/start\/"]}]},{"@type":"BreadcrumbList","@id":"https:\/\/panczakiewicz.pl\/start\/#breadcrumb","itemListElement":[{"@type":"ListItem","position":1,"name":"Strona g\u0142\u00f3wna","item":"https:\/\/panczakiewicz.pl\/start\/"},{"@type":"ListItem","position":2,"name":"Home"}]},{"@type":"WebSite","@id":"https:\/\/panczakiewicz.pl\/start\/#website","url":"https:\/\/panczakiewicz.pl\/start\/","name":"PANCZAKIEWICZ ART.DESIGN | Studio projektowania graficznego","description":"Projektowanie mamy we krwi!","publisher":{"@id":"https:\/\/panczakiewicz.pl\/start\/#organization"},"potentialAction":[{"@type":"SearchAction","target":{"@type":"EntryPoint","urlTemplate":"https:\/\/panczakiewicz.pl\/start\/?s={search_term_string}"},"query-input":{"@type":"PropertyValueSpecification","valueRequired":true,"valueName":"search_term_string"}}],"inLanguage":"pl-PL"},{"@type":"Organization","@id":"https:\/\/panczakiewicz.pl\/start\/#organization","name":"PANCZAKIEWICZ ART.DESIGN","url":"https:\/\/panczakiewicz.pl\/start\/","logo":{"@type":"ImageObject","inLanguage":"pl-PL","@id":"https:\/\/panczakiewicz.pl\/start\/#\/schema\/logo\/image\/","url":"http:\/\/panczakiewicz.pl\/start\/wp-content\/uploads\/2019\/12\/pad_logo_anim-2.gif","contentUrl":"http:\/\/panczakiewicz.pl\/start\/wp-content\/uploads\/2019\/12\/pad_logo_anim-2.gif","width":122,"height":134,"caption":"PANCZAKIEWICZ ART.DESIGN"},"image":{"@id":"https:\/\/panczakiewicz.pl\/start\/#\/schema\/logo\/image\/"},"sameAs":["https:\/\/www.facebook.com\/PANCZAKIEWICZ.ART.DESIGN","https:\/\/www.instagram.com\/ppanczakiewicz\/"]}]}},"jetpack_sharing_enabled":true,"_links":{"self":[{"href":"https:\/\/panczakiewicz.pl\/start\/wp-json\/wp\/v2\/pages\/3359","targetHints":{"allow":["GET"]}}],"collection":[{"href":"https:\/\/panczakiewicz.pl\/start\/wp-json\/wp\/v2\/pages"}],"about":[{"href":"https:\/\/panczakiewicz.pl\/start\/wp-json\/wp\/v2\/types\/page"}],"author":[{"embeddable":true,"href":"https:\/\/panczakiewicz.pl\/start\/wp-json\/wp\/v2\/users\/1"}],"replies":[{"embeddable":true,"href":"https:\/\/panczakiewicz.pl\/start\/wp-json\/wp\/v2\/comments?post=3359"}],"version-history":[{"count":103,"href":"https:\/\/panczakiewicz.pl\/start\/wp-json\/wp\/v2\/pages\/3359\/revisions"}],"predecessor-version":[{"id":11137,"href":"https:\/\/panczakiewicz.pl\/start\/wp-json\/wp\/v2\/pages\/3359\/revisions\/11137"}],"wp:attachment":[{"href":"https:\/\/panczakiewicz.pl\/start\/wp-json\/wp\/v2\/media?parent=3359"}],"curies":[{"name":"wp","href":"https:\/\/api.w.org\/{rel}","templated":true}]}}