{"id":4245,"date":"2015-03-13T08:31:44","date_gmt":"2015-03-13T08:31:44","guid":{"rendered":"http:\/\/demo-content.kaliumtheme.com\/agency\/?page_id=2288"},"modified":"2020-01-11T21:09:24","modified_gmt":"2020-01-11T20:09:24","slug":"kontakt","status":"publish","type":"page","link":"https:\/\/panczakiewicz.pl\/start\/kontakt\/","title":{"rendered":"Kontakt"},"content":{"rendered":"<div class=\"wpb-content-wrapper\"><p>[vc_row css=&#8221;.vc_custom_1426235882892{padding-top: 30px !important;}&#8221;][vc_column width=&#8221;1\/3&#8243; reveal_effect=&#8221;fadeIn&#8221; reveal_duration=&#8221;1&#8243; reveal_delay=&#8221;0.3&#8243;][lab_text_autotype typed_text=&#8221;<\/p>\n<h3>Dlaczego<br \/>\nnie powiedzie\u0107 *Hi;Hola;Salut;Hej;Merhaba;\u0627\u0644\u0639\u0631\u0628\u064a\u0629;Ahoj;\u60a8\u597d;Ciao;Hello;Cze\u015b\u0107*<\/h3>\n<p>&#8221; typed_show_options=&#8221;yes&#8221; typed_options_cursorchar=&#8221;?&#8221;][vc_column_text]<span class=\"tlid-translation translation\" lang=\"pl\"><span class=\"\" title=\"\">Napisz do nas e-mail za pomoc\u0105 formularza, <\/span><span class=\"\" title=\"\">lub po prostu wy\u015blij nam e-mail bezpo\u015brednio na adres<\/span><\/span> <a href=\"mailto:biuro@panczakiewicz.pl\">biuro@panczakiewicz.pl<\/a><\/p>\n<p>&nbsp;<\/p>\n<h2>PANCZAKIEWICZ ART.DESIGN<\/h2>\n<p>Pawe\u0142 Panczakiewicz<br \/>\nul. Bobrzy\u0144skiego 23\/1<br \/>\n30-348 Krak\u00f3w, POLSKA<br \/>\n<a href=\"mailto:art.design@panczakiewicz.pl\">art.design@panczakiewicz.pl<\/a><br \/>\n<a href=\"tel: +48 513 774 744\">mobile: +48 513 774 744<\/a><\/p>\n<p>&nbsp;<\/p>\n<h4>BIURO OBS\u0141UGI KLIENTA<\/h4>\n<p><a href=\"mailto:biuro@panczakiewicz.pl\">biuro@panczakiewicz.pl<\/a><br \/>\n<a href=\"tel: +48 12 378 39 24\">tel., faks: +48 12 378 39 24<\/a><br \/>\n<a href=\"tel: +48 693 468 685\">mobile: +48 693 468 685<\/a><\/p>\n<p>&nbsp;<\/p>\n<h4>STUDIO GRAFICZNE<\/h4>\n<p><a href=\"mailto:studio@panczakiewicz.pl\">studio@panczakiewicz.pl<\/a><br \/>\n<a href=\"tel: +48 12 378 39 24\">tel., faks: +48 12 378 39 24<\/a>[\/vc_column_text][vc_row_inner][vc_column_inner][vc_zigzag][\/vc_column_inner][\/vc_row_inner][vc_column_text]NIP: 735-215-16-58<br \/>\nREGON: 120852003<br \/>\nMILLENNIUM BANK<br \/>\n39 1160 2202 0000 0001 3354 7665[\/vc_column_text][\/vc_column][vc_column width=&#8221;2\/3&#8243; reveal_effect=&#8221;fadeIn&#8221; reveal_duration=&#8221;1&#8243; reveal_delay=&#8221;0.5&#8243;][lab_google_map zoom=&#8221;13&#8243; map_options=&#8221;map-style,drop-pins&#8221; map_controls=&#8221;plusMinusZoom&#8221; map_style=&#8221;#E-8_JTVCJTdCJTIyZmVhdHVyZVR5cGUlMjIlM0ElMjJ3YXRlciUyMiUyQyUyMmVsZW1lbnRUeXBlJTIyJTNBJTIyZ2VvbWV0cnkuZmlsbCUyMiUyQyUyMnN0eWxlcnMlMjIlM0ElNUIlN0IlMjJjb2xvciUyMiUzQSUyMiUyM2QzZDNkMyUyMiU3RCU1RCU3RCUyQyU3QiUyMmZlYXR1cmVUeXBlJTIyJTNBJTIydHJhbnNpdCUyMiUyQyUyMnN0eWxlcnMlMjIlM0ElNUIlN0IlMjJjb2xvciUyMiUzQSUyMiUyMzgwODA4MCUyMiU3RCUyQyU3QiUyMnZpc2liaWxpdHklMjIlM0ElMjJvZmYlMjIlN0QlNUQlN0QlMkMlN0IlMjJmZWF0dXJlVHlwZSUyMiUzQSUyMnJvYWQuaGlnaHdheSUyMiUyQyUyMmVsZW1lbnRUeXBlJTIyJTNBJTIyZ2VvbWV0cnkuc3Ryb2tlJTIyJTJDJTIyc3R5bGVycyUyMiUzQSU1QiU3QiUyMnZpc2liaWxpdHklMjIlM0ElMjJvbiUyMiU3RCUyQyU3QiUyMmNvbG9yJTIyJTNBJTIyJTIzYjNiM2IzJTIyJTdEJTVEJTdEJTJDJTdCJTIyZmVhdHVyZVR5cGUlMjIlM0ElMjJyb2FkLmhpZ2h3YXklMjIlMkMlMjJlbGVtZW50VHlwZSUyMiUzQSUyMmdlb21ldHJ5LmZpbGwlMjIlMkMlMjJzdHlsZXJzJTIyJTNBJTVCJTdCJTIyY29sb3IlMjIlM0ElMjIlMjNmZmZmZmYlMjIlN0QlNUQlN0QlMkMlN0IlMjJmZWF0dXJlVHlwZSUyMiUzQSUyMnJvYWQubG9jYWwlMjIlMkMlMjJlbGVtZW50VHlwZSUyMiUzQSUyMmdlb21ldHJ5LmZpbGwlMjIlMkMlMjJzdHlsZXJzJTIyJTNBJTVCJTdCJTIydmlzaWJpbGl0eSUyMiUzQSUyMm9uJTIyJTdEJTJDJTdCJTIyY29sb3IlMjIlM0ElMjIlMjNmZmZmZmYlMjIlN0QlMkMlN0IlMjJ3ZWlnaHQlMjIlM0ExLjglN0QlNUQlN0QlMkMlN0IlMjJmZWF0dXJlVHlwZSUyMiUzQSUyMnJvYWQubG9jYWwlMjIlMkMlMjJlbGVtZW50VHlwZSUyMiUzQSUyMmdlb21ldHJ5LnN0cm9rZSUyMiUyQyUyMnN0eWxlcnMlMjIlM0ElNUIlN0IlMjJjb2xvciUyMiUzQSUyMiUyM2Q3ZDdkNyUyMiU3RCU1RCU3RCUyQyU3QiUyMmZlYXR1cmVUeXBlJTIyJTNBJTIycG9pJTIyJTJDJTIyZWxlbWVudFR5cGUlMjIlM0ElMjJnZW9tZXRyeS5maWxsJTIyJTJDJTIyc3R5bGVycyUyMiUzQSU1QiU3QiUyMnZpc2liaWxpdHklMjIlM0ElMjJvbiUyMiU3RCUyQyU3QiUyMmNvbG9yJTIyJTNBJTIyJTIzZWJlYmViJTIyJTdEJTVEJTdEJTJDJTdCJTIyZmVhdHVyZVR5cGUlMjIlM0ElMjJhZG1pbmlzdHJhdGl2ZSUyMiUyQyUyMmVsZW1lbnRUeXBlJTIyJTNBJTIyZ2VvbWV0cnklMjIlMkMlMjJzdHlsZXJzJTIyJTNBJTVCJTdCJTIyY29sb3IlMjIlM0ElMjIlMjNhN2E3YTclMjIlN0QlNUQlN0QlMkMlN0IlMjJmZWF0dXJlVHlwZSUyMiUzQSUyMnJvYWQuYXJ0ZXJpYWwlMjIlMkMlMjJlbGVtZW50VHlwZSUyMiUzQSUyMmdlb21ldHJ5LmZpbGwlMjIlMkMlMjJzdHlsZXJzJTIyJTNBJTVCJTdCJTIyY29sb3IlMjIlM0ElMjIlMjNmZmZmZmYlMjIlN0QlNUQlN0QlMkMlN0IlMjJmZWF0dXJlVHlwZSUyMiUzQSUyMnJvYWQuYXJ0ZXJpYWwlMjIlMkMlMjJlbGVtZW50VHlwZSUyMiUzQSUyMmdlb21ldHJ5LmZpbGwlMjIlMkMlMjJzdHlsZXJzJTIyJTNBJTVCJTdCJTIyY29sb3IlMjIlM0ElMjIlMjNmZmZmZmYlMjIlN0QlNUQlN0QlMkMlN0IlMjJmZWF0dXJlVHlwZSUyMiUzQSUyMmxhbmRzY2FwZSUyMiUyQyUyMmVsZW1lbnRUeXBlJTIyJTNBJTIyZ2VvbWV0cnkuZmlsbCUyMiUyQyUyMnN0eWxlcnMlMjIlM0ElNUIlN0IlMjJ2aXNpYmlsaXR5JTIyJTNBJTIyb24lMjIlN0QlMkMlN0IlMjJjb2xvciUyMiUzQSUyMiUyM2VmZWZlZiUyMiU3RCU1RCU3RCUyQyU3QiUyMmZlYXR1cmVUeXBlJTIyJTNBJTIycm9hZCUyMiUyQyUyMmVsZW1lbnRUeXBlJTIyJTNBJTIybGFiZWxzLnRleHQuZmlsbCUyMiUyQyUyMnN0eWxlcnMlMjIlM0ElNUIlN0IlMjJjb2xvciUyMiUzQSUyMiUyMzY5Njk2OSUyMiU3RCU1RCU3RCUyQyU3QiUyMmZlYXR1cmVUeXBlJTIyJTNBJTIyYWRtaW5pc3RyYXRpdmUlMjIlMkMlMjJlbGVtZW50VHlwZSUyMiUzQSUyMmxhYmVscy50ZXh0LmZpbGwlMjIlMkMlMjJzdHlsZXJzJTIyJTNBJTVCJTdCJTIydmlzaWJpbGl0eSUyMiUzQSUyMm9uJTIyJTdEJTJDJTdCJTIyY29sb3IlMjIlM0ElMjIlMjM3MzczNzMlMjIlN0QlNUQlN0QlMkMlN0IlMjJmZWF0dXJlVHlwZSUyMiUzQSUyMnBvaSUyMiUyQyUyMmVsZW1lbnRUeXBlJTIyJTNBJTIybGFiZWxzLmljb24lMjIlMkMlMjJzdHlsZXJzJTIyJTNBJTVCJTdCJTIydmlzaWJpbGl0eSUyMiUzQSUyMm9mZiUyMiU3RCU1RCU3RCUyQyU3QiUyMmZlYXR1cmVUeXBlJTIyJTNBJTIycG9pJTIyJTJDJTIyZWxlbWVudFR5cGUlMjIlM0ElMjJsYWJlbHMlMjIlMkMlMjJzdHlsZXJzJTIyJTNBJTVCJTdCJTIydmlzaWJpbGl0eSUyMiUzQSUyMm9mZiUyMiU3RCU1RCU3RCUyQyU3QiUyMmZlYXR1cmVUeXBlJTIyJTNBJTIycm9hZC5hcnRlcmlhbCUyMiUyQyUyMmVsZW1lbnRUeXBlJTIyJTNBJTIyZ2VvbWV0cnkuc3Ryb2tlJTIyJTJDJTIyc3R5bGVycyUyMiUzQSU1QiU3QiUyMmNvbG9yJTIyJTNBJTIyJTIzZDZkNmQ2JTIyJTdEJTVEJTdEJTJDJTdCJTIyZmVhdHVyZVR5cGUlMjIlM0ElMjJyb2FkJTIyJTJDJTIyZWxlbWVudFR5cGUlMjIlM0ElMjJsYWJlbHMuaWNvbiUyMiUyQyUyMnN0eWxlcnMlMjIlM0ElNUIlN0IlMjJ2aXNpYmlsaXR5JTIyJTNBJTIyb2ZmJTIyJTdEJTVEJTdEJTJDJTdCJTdEJTJDJTdCJTIyZmVhdHVyZVR5cGUlMjIlM0ElMjJwb2klMjIlMkMlMjJlbGVtZW50VHlwZSUyMiUzQSUyMmdlb21ldHJ5LmZpbGwlMjIlMkMlMjJzdHlsZXJzJTIyJTNBJTVCJTdCJTIyY29sb3IlMjIlM0ElMjIlMjNkYWRhZGElMjIlN0QlNUQlN0QlNUQ=&#8221; css=&#8221;.vc_custom_1426724156855{margin-bottom: 40px !important;}&#8221;][lab_google_map_location marker_image=&#8221;4353&#8243; retina_marker=&#8221;yes&#8221; latitude=&#8221;50.021702&#8243; longitude=&#8221;19.901554&#8243; marker_title=&#8221;Siedziba Firmy&#8221; marker_description=&#8221;PAD&#8221;][\/lab_google_map][lab_contact_form name_title=&#8221;Imi\u0119 i Nazwisko.&#8221; email_title=&#8221;Email.&#8221; message_title=&#8221;Tre\u015b\u0107 wiadomo\u015bci.&#8221; show_subject_field=&#8221;&#8221; submit_title=&#8221;Wy\u015blij&#8221; submit_success=&#8221;Dziekujemy #, wiadomo\u015b\u0107 wys\u0142ana!&#8221; alert_errors=&#8221;&#8221;][\/vc_column][\/vc_row]<\/p>\n<\/div>","protected":false},"excerpt":{"rendered":"<p>[vc_row css=&#8221;.vc_custom_1426235882892{padding-top: 30px !important;}&#8221;][vc_column width=&#8221;1\/3&#8243; reveal_effect=&#8221;fadeIn&#8221; reveal_duration=&#8221;1&#8243; reveal_delay=&#8221;0.3&#8243;][lab_text_autotype typed_text=&#8221; Dlaczego nie powiedzie\u0107 *Hi;Hola;Salut;Hej;Merhaba;\u0627\u0644\u0639\u0631\u0628\u064a\u0629;Ahoj;\u60a8\u597d;Ciao;Hello;Cze\u015b\u0107* &#8221; typed_show_options=&#8221;yes&#8221; typed_options_cursorchar=&#8221;?&#8221;][vc_column_text]Napisz do nas e-mail za pomoc\u0105 formularza, lub po prostu wy\u015blij nam e-mail bezpo\u015brednio na adres biuro@panczakiewicz.pl &nbsp; PANCZAKIEWICZ ART.DESIGN Pawe\u0142 Panczakiewicz ul. Bobrzy\u0144skiego 23\/1 30-348 Krak\u00f3w, POLSKA art.design@panczakiewicz.pl mobile: +48 513 774 744 &nbsp; BIURO OBS\u0141UGI KLIENTA biuro@panczakiewicz.pl tel.,&hellip;<\/p>\n","protected":false},"author":1,"featured_media":0,"parent":0,"menu_order":0,"comment_status":"open","ping_status":"open","template":"","meta":{"_acf_changed":false,"footnotes":""},"class_list":["post-4245","page","type-page","status-publish","hentry"],"acf":[],"yoast_head":"<!-- This site is optimized with the Yoast SEO plugin v26.9 - https:\/\/yoast.com\/product\/yoast-seo-wordpress\/ -->\r\n<title>Kontakt - PANCZAKIEWICZ ART.DESIGN | Studio projektowania graficznego<\/title>\r\n<meta name=\"robots\" content=\"index, follow, max-snippet:-1, max-image-preview:large, max-video-preview:-1\" \/>\r\n<link rel=\"canonical\" href=\"https:\/\/panczakiewicz.pl\/start\/kontakt\/\" \/>\r\n<meta property=\"og:locale\" content=\"pl_PL\" \/>\r\n<meta property=\"og:type\" content=\"article\" \/>\r\n<meta property=\"og:title\" content=\"Kontakt - PANCZAKIEWICZ ART.DESIGN | Studio projektowania graficznego\" \/>\r\n<meta property=\"og:description\" content=\"[vc_row css=&#8221;.vc_custom_1426235882892{padding-top: 30px !important;}&#8221;][vc_column width=&#8221;1\/3&#8243; reveal_effect=&#8221;fadeIn&#8221; reveal_duration=&#8221;1&#8243; reveal_delay=&#8221;0.3&#8243;][lab_text_autotype typed_text=&#8221; Dlaczego nie powiedzie\u0107 *Hi;Hola;Salut;Hej;Merhaba;\u0627\u0644\u0639\u0631\u0628\u064a\u0629;Ahoj;\u60a8\u597d;Ciao;Hello;Cze\u015b\u0107* &#8221; typed_show_options=&#8221;yes&#8221; typed_options_cursorchar=&#8221;?&#8221;][vc_column_text]Napisz do nas e-mail za pomoc\u0105 formularza, lub po prostu wy\u015blij nam e-mail bezpo\u015brednio na adres biuro@panczakiewicz.pl &nbsp; PANCZAKIEWICZ ART.DESIGN Pawe\u0142 Panczakiewicz ul. Bobrzy\u0144skiego 23\/1 30-348 Krak\u00f3w, POLSKA art.design@panczakiewicz.pl mobile: +48 513 774 744 &nbsp; BIURO OBS\u0141UGI KLIENTA biuro@panczakiewicz.pl tel.,&hellip;\" \/>\r\n<meta property=\"og:url\" content=\"https:\/\/panczakiewicz.pl\/start\/kontakt\/\" \/>\r\n<meta property=\"og:site_name\" content=\"PANCZAKIEWICZ ART.DESIGN | Studio projektowania graficznego\" \/>\r\n<meta property=\"article:publisher\" content=\"https:\/\/www.facebook.com\/PANCZAKIEWICZ.ART.DESIGN\" \/>\r\n<meta property=\"article:modified_time\" content=\"2020-01-11T20:09:24+00:00\" \/>\r\n<meta name=\"twitter:card\" content=\"summary_large_image\" \/>\r\n<meta name=\"twitter:label1\" content=\"Szacowany czas czytania\" \/>\n\t<meta name=\"twitter:data1\" content=\"2 minuty\" \/>\r\n<script type=\"application\/ld+json\" class=\"yoast-schema-graph\">{\"@context\":\"https:\/\/schema.org\",\"@graph\":[{\"@type\":\"WebPage\",\"@id\":\"https:\/\/panczakiewicz.pl\/start\/kontakt\/\",\"url\":\"https:\/\/panczakiewicz.pl\/start\/kontakt\/\",\"name\":\"Kontakt - PANCZAKIEWICZ ART.DESIGN | Studio projektowania graficznego\",\"isPartOf\":{\"@id\":\"https:\/\/panczakiewicz.pl\/start\/#website\"},\"datePublished\":\"2015-03-13T08:31:44+00:00\",\"dateModified\":\"2020-01-11T20:09:24+00:00\",\"breadcrumb\":{\"@id\":\"https:\/\/panczakiewicz.pl\/start\/kontakt\/#breadcrumb\"},\"inLanguage\":\"pl-PL\",\"potentialAction\":[{\"@type\":\"ReadAction\",\"target\":[\"https:\/\/panczakiewicz.pl\/start\/kontakt\/\"]}]},{\"@type\":\"BreadcrumbList\",\"@id\":\"https:\/\/panczakiewicz.pl\/start\/kontakt\/#breadcrumb\",\"itemListElement\":[{\"@type\":\"ListItem\",\"position\":1,\"name\":\"Strona g\u0142\u00f3wna\",\"item\":\"https:\/\/panczakiewicz.pl\/start\/\"},{\"@type\":\"ListItem\",\"position\":2,\"name\":\"Kontakt\"}]},{\"@type\":\"WebSite\",\"@id\":\"https:\/\/panczakiewicz.pl\/start\/#website\",\"url\":\"https:\/\/panczakiewicz.pl\/start\/\",\"name\":\"PANCZAKIEWICZ ART.DESIGN | Studio projektowania graficznego\",\"description\":\"Projektowanie mamy we krwi!\",\"publisher\":{\"@id\":\"https:\/\/panczakiewicz.pl\/start\/#organization\"},\"potentialAction\":[{\"@type\":\"SearchAction\",\"target\":{\"@type\":\"EntryPoint\",\"urlTemplate\":\"https:\/\/panczakiewicz.pl\/start\/?s={search_term_string}\"},\"query-input\":{\"@type\":\"PropertyValueSpecification\",\"valueRequired\":true,\"valueName\":\"search_term_string\"}}],\"inLanguage\":\"pl-PL\"},{\"@type\":\"Organization\",\"@id\":\"https:\/\/panczakiewicz.pl\/start\/#organization\",\"name\":\"PANCZAKIEWICZ ART.DESIGN\",\"url\":\"https:\/\/panczakiewicz.pl\/start\/\",\"logo\":{\"@type\":\"ImageObject\",\"inLanguage\":\"pl-PL\",\"@id\":\"https:\/\/panczakiewicz.pl\/start\/#\/schema\/logo\/image\/\",\"url\":\"http:\/\/panczakiewicz.pl\/start\/wp-content\/uploads\/2019\/12\/pad_logo_anim-2.gif\",\"contentUrl\":\"http:\/\/panczakiewicz.pl\/start\/wp-content\/uploads\/2019\/12\/pad_logo_anim-2.gif\",\"width\":122,\"height\":134,\"caption\":\"PANCZAKIEWICZ ART.DESIGN\"},\"image\":{\"@id\":\"https:\/\/panczakiewicz.pl\/start\/#\/schema\/logo\/image\/\"},\"sameAs\":[\"https:\/\/www.facebook.com\/PANCZAKIEWICZ.ART.DESIGN\",\"https:\/\/www.instagram.com\/ppanczakiewicz\/\"]}]}<\/script>\r\n<!-- \/ Yoast SEO plugin. -->","yoast_head_json":{"title":"Kontakt - PANCZAKIEWICZ ART.DESIGN | Studio projektowania graficznego","robots":{"index":"index","follow":"follow","max-snippet":"max-snippet:-1","max-image-preview":"max-image-preview:large","max-video-preview":"max-video-preview:-1"},"canonical":"https:\/\/panczakiewicz.pl\/start\/kontakt\/","og_locale":"pl_PL","og_type":"article","og_title":"Kontakt - PANCZAKIEWICZ ART.DESIGN | Studio projektowania graficznego","og_description":"[vc_row css=&#8221;.vc_custom_1426235882892{padding-top: 30px !important;}&#8221;][vc_column width=&#8221;1\/3&#8243; reveal_effect=&#8221;fadeIn&#8221; reveal_duration=&#8221;1&#8243; reveal_delay=&#8221;0.3&#8243;][lab_text_autotype typed_text=&#8221; Dlaczego nie powiedzie\u0107 *Hi;Hola;Salut;Hej;Merhaba;\u0627\u0644\u0639\u0631\u0628\u064a\u0629;Ahoj;\u60a8\u597d;Ciao;Hello;Cze\u015b\u0107* &#8221; typed_show_options=&#8221;yes&#8221; typed_options_cursorchar=&#8221;?&#8221;][vc_column_text]Napisz do nas e-mail za pomoc\u0105 formularza, lub po prostu wy\u015blij nam e-mail bezpo\u015brednio na adres biuro@panczakiewicz.pl &nbsp; PANCZAKIEWICZ ART.DESIGN Pawe\u0142 Panczakiewicz ul. Bobrzy\u0144skiego 23\/1 30-348 Krak\u00f3w, POLSKA art.design@panczakiewicz.pl mobile: +48 513 774 744 &nbsp; BIURO OBS\u0141UGI KLIENTA biuro@panczakiewicz.pl tel.,&hellip;","og_url":"https:\/\/panczakiewicz.pl\/start\/kontakt\/","og_site_name":"PANCZAKIEWICZ ART.DESIGN | Studio projektowania graficznego","article_publisher":"https:\/\/www.facebook.com\/PANCZAKIEWICZ.ART.DESIGN","article_modified_time":"2020-01-11T20:09:24+00:00","twitter_card":"summary_large_image","twitter_misc":{"Szacowany czas czytania":"2 minuty"},"schema":{"@context":"https:\/\/schema.org","@graph":[{"@type":"WebPage","@id":"https:\/\/panczakiewicz.pl\/start\/kontakt\/","url":"https:\/\/panczakiewicz.pl\/start\/kontakt\/","name":"Kontakt - PANCZAKIEWICZ ART.DESIGN | Studio projektowania graficznego","isPartOf":{"@id":"https:\/\/panczakiewicz.pl\/start\/#website"},"datePublished":"2015-03-13T08:31:44+00:00","dateModified":"2020-01-11T20:09:24+00:00","breadcrumb":{"@id":"https:\/\/panczakiewicz.pl\/start\/kontakt\/#breadcrumb"},"inLanguage":"pl-PL","potentialAction":[{"@type":"ReadAction","target":["https:\/\/panczakiewicz.pl\/start\/kontakt\/"]}]},{"@type":"BreadcrumbList","@id":"https:\/\/panczakiewicz.pl\/start\/kontakt\/#breadcrumb","itemListElement":[{"@type":"ListItem","position":1,"name":"Strona g\u0142\u00f3wna","item":"https:\/\/panczakiewicz.pl\/start\/"},{"@type":"ListItem","position":2,"name":"Kontakt"}]},{"@type":"WebSite","@id":"https:\/\/panczakiewicz.pl\/start\/#website","url":"https:\/\/panczakiewicz.pl\/start\/","name":"PANCZAKIEWICZ ART.DESIGN | Studio projektowania graficznego","description":"Projektowanie mamy we krwi!","publisher":{"@id":"https:\/\/panczakiewicz.pl\/start\/#organization"},"potentialAction":[{"@type":"SearchAction","target":{"@type":"EntryPoint","urlTemplate":"https:\/\/panczakiewicz.pl\/start\/?s={search_term_string}"},"query-input":{"@type":"PropertyValueSpecification","valueRequired":true,"valueName":"search_term_string"}}],"inLanguage":"pl-PL"},{"@type":"Organization","@id":"https:\/\/panczakiewicz.pl\/start\/#organization","name":"PANCZAKIEWICZ ART.DESIGN","url":"https:\/\/panczakiewicz.pl\/start\/","logo":{"@type":"ImageObject","inLanguage":"pl-PL","@id":"https:\/\/panczakiewicz.pl\/start\/#\/schema\/logo\/image\/","url":"http:\/\/panczakiewicz.pl\/start\/wp-content\/uploads\/2019\/12\/pad_logo_anim-2.gif","contentUrl":"http:\/\/panczakiewicz.pl\/start\/wp-content\/uploads\/2019\/12\/pad_logo_anim-2.gif","width":122,"height":134,"caption":"PANCZAKIEWICZ ART.DESIGN"},"image":{"@id":"https:\/\/panczakiewicz.pl\/start\/#\/schema\/logo\/image\/"},"sameAs":["https:\/\/www.facebook.com\/PANCZAKIEWICZ.ART.DESIGN","https:\/\/www.instagram.com\/ppanczakiewicz\/"]}]}},"jetpack_sharing_enabled":true,"_links":{"self":[{"href":"https:\/\/panczakiewicz.pl\/start\/wp-json\/wp\/v2\/pages\/4245","targetHints":{"allow":["GET"]}}],"collection":[{"href":"https:\/\/panczakiewicz.pl\/start\/wp-json\/wp\/v2\/pages"}],"about":[{"href":"https:\/\/panczakiewicz.pl\/start\/wp-json\/wp\/v2\/types\/page"}],"author":[{"embeddable":true,"href":"https:\/\/panczakiewicz.pl\/start\/wp-json\/wp\/v2\/users\/1"}],"replies":[{"embeddable":true,"href":"https:\/\/panczakiewicz.pl\/start\/wp-json\/wp\/v2\/comments?post=4245"}],"version-history":[{"count":31,"href":"https:\/\/panczakiewicz.pl\/start\/wp-json\/wp\/v2\/pages\/4245\/revisions"}],"predecessor-version":[{"id":6403,"href":"https:\/\/panczakiewicz.pl\/start\/wp-json\/wp\/v2\/pages\/4245\/revisions\/6403"}],"wp:attachment":[{"href":"https:\/\/panczakiewicz.pl\/start\/wp-json\/wp\/v2\/media?parent=4245"}],"curies":[{"name":"wp","href":"https:\/\/api.w.org\/{rel}","templated":true}]}}