{"id":4439,"date":"2019-12-12T17:05:56","date_gmt":"2019-12-12T16:05:56","guid":{"rendered":"http:\/\/panczakiewicz.pl\/start\/?page_id=4439"},"modified":"2024-03-06T08:33:01","modified_gmt":"2024-03-06T07:33:01","slug":"o-nas","status":"publish","type":"page","link":"https:\/\/panczakiewicz.pl\/start\/o-nas\/","title":{"rendered":"O nas"},"content":{"rendered":"<div class=\"wpb-content-wrapper\"><p>[vc_row][vc_column css_animation=&#8221;none&#8221; width=&#8221;2\/3&#8243; reveal_effect=&#8221;fadeIn&#8221; css=&#8221;.vc_custom_1508770226721{padding-top: 40px !important;padding-bottom: 40px !important;}&#8221; reveal_delay=&#8221;0.3&#8243;][lab_text_autotype typed_text=&#8221;#E-8_QmV6a29tcHJvbWlzb3dvJUM1JTlCJUM0JTg3JTIwJTNDYnIlM0VuYWRhamUlMjBuYXN6eW0lMjBwcm9qZWt0b20lMjBuaWViYW5hbG55JTIwJTIwJTNDc3BhbiUyMGNsYXNzJTNEJTIyYmxvY2slMjIlM0UlMkEuLi4uLi4lM0JzdHlsJTNCaSUzQmNoYXJha3RlciUyQSUzQyUyRnNwYW4lM0U=&#8221; typed_show_options=&#8221;yes&#8221; typed_options_cursorchar=&#8221;_&#8221; typed_options_typespeed=&#8221;100&#8243; typed_options_backspeed=&#8221;50&#8243; typed_options_startdelay=&#8221;300&#8243;][vc_empty_space height=&#8221;30px&#8221;][vc_row_inner][vc_column_inner width=&#8221;2\/3&#8243;][vc_single_image image=&#8221;4463&#8243; img_size=&#8221;300&#8243; alignment=&#8221;right&#8221; css_animation=&#8221;fadeInLeft&#8221;][\/vc_column_inner][vc_column_inner width=&#8221;1\/3&#8243;][vc_empty_space height=&#8221;200px&#8221;][vc_column_text css_animation=&#8221;fadeIn&#8221;]Pawe\u0142 Panczakiewicz[\/vc_column_text][\/vc_column_inner][\/vc_row_inner][\/vc_column][vc_column width=&#8221;1\/3&#8243;][vc_empty_space height=&#8221;72px&#8221;][vc_column_text]Wiedza i do\u015bwiadczenie graficzne pozwalaj\u0105 nam tworzy\u0107 projekty, kt\u00f3re wyr\u00f3\u017cniaj\u0105 si\u0119 dba\u0142o\u015bci\u0105 o szczeg\u00f3\u0142y. Dzi\u0119ki temu informacja, kt\u00f3r\u0105 przekazuj\u0105, budzi dobre skojarzenia, jest czytelna i przede wszystkim \u2013 zapami\u0119tywalna.[\/vc_column_text][vc_column_text]Wszystkie zlecenia traktowane s\u0105 przez nas indywidualnie. Wed\u0142ug filozofii firmy najlepsze rezultaty mo\u017cna osi\u0105gn\u0105\u0107 poprzez \u015bcis\u0142\u0105 wsp\u00f3\u0142prac\u0119 z klientem.<\/p>\n<p>&nbsp;<\/p>\n<p>Wsp\u00f3\u0142praca i ch\u0119\u0107 tworzenia przez PAD prac czytelnych, niekonwencjonalnych daje projekt zgodny z oczekiwaniami zleceniodawcy. Tworzymy nie tylko efektowne ale przede wszystkim skuteczne marketingowo projekty, w kt\u00f3rych najwa\u017cniejsza jest kreatywno\u015b\u0107, zrozumienie danej bran\u017cy oraz dok\u0142adne okre\u015blenie grupy docelowej. Nasze projekty s\u0105 bardzo wysoko oceniane przez odbiorc\u00f3w. Potwierdzeniem tego faktu s\u0105 liczne nagrody i wyr\u00f3\u017cnienia.<\/p>\n<h3><\/h3>\n<h3>ZAPRASZAMY DO WSP\u00d3\u0141PRACY!!!<\/h3>\n<p>[\/vc_column_text][\/vc_column][\/vc_row][vc_row css_animation=&#8221;none&#8221;][vc_column css_animation=&#8221;fadeIn&#8221; reveal_effect=&#8221;fadeIn&#8221; reveal_duration=&#8221;1&#8243; reveal_delay=&#8221;0.3&#8243;][vc_column_text][\/vc_column_text][vc_zigzag el_border_width=&#8221;8&#8243;][\/vc_column][\/vc_row][vc_row css_animation=&#8221;none&#8221;][vc_column css_animation=&#8221;fadeIn&#8221; width=&#8221;1\/5&#8243; reveal_effect=&#8221;fadeIn&#8221; reveal_duration=&#8221;1&#8243; reveal_delay=&#8221;0.3&#8243;][vc_hoverbox image=&#8221;4318&#8243; primary_title=&#8221;Eshkol Nevo&#8221; hover_title=&#8221;&#8221;]Pawel, thank you for a cover full of vision\u2026<\/p>\n<p><em>13 marca 2014<\/em>[\/vc_hoverbox][\/vc_column][vc_column css_animation=&#8221;fadeIn&#8221; width=&#8221;1\/5&#8243;][vc_hoverbox image=&#8221;4318&#8243; primary_title=&#8221;Grzegorz Ko\u0142odko&#8221; hover_title=&#8221;&#8221;]Paw\u0142owi z podzi\u0119kowaniami za projekt ok\u0142adki.<\/p>\n<p><em>grudzie\u0144 2010<\/em>[\/vc_hoverbox][\/vc_column][vc_column css_animation=&#8221;fadeIn&#8221; width=&#8221;1\/5&#8243;][vc_hoverbox image=&#8221;4318&#8243; primary_title=&#8221;Bohdan \u0141azuka&#8221; hover_title=&#8221;&#8221;]Dla Pana Paw\u0142a Panczakiewicza z podzi\u0119kowaniami za wspania\u0142\u0105 wsp\u00f3\u0142prac\u0119 przy ok\u0142adce do ksi\u0105\u017cki.<\/p>\n<p><em>listopad 2010<\/em>[\/vc_hoverbox][\/vc_column][vc_column css_animation=&#8221;fadeIn&#8221; width=&#8221;1\/5&#8243;][vc_hoverbox image=&#8221;4318&#8243; primary_title=&#8221;El\u017cbieta Dzikowska&#8221; hover_title=&#8221;&#8221;]Paw\u0142owi z wielkim, serdecznym podzi\u0119kowaniem za pi\u0119kne graficznie, czu\u0142e i wra\u017cliwe stworzenie tej ksi\u0105\u017cki.<\/p>\n<p><em>grudzie\u0144 2007<\/em><\/p>\n<p>[\/vc_hoverbox][\/vc_column][vc_column css_animation=&#8221;fadeIn&#8221; width=&#8221;1\/5&#8243;][vc_hoverbox image=&#8221;4318&#8243; primary_title=&#8221;Katarzyna Bonda&#8221; hover_title=&#8221;&#8221;]Paw\u0142owi, w podzi\u0119kowaniu za pi\u0119kn\u0105 ok\u0142adk\u0119 oraz nadziej\u0105 na kolejne.<\/p>\n<p><em>czerwiec 2014<\/em>[\/vc_hoverbox][\/vc_column][\/vc_row][vc_row css_animation=&#8221;none&#8221;][vc_column css_animation=&#8221;fadeIn&#8221; reveal_effect=&#8221;fadeIn&#8221; reveal_duration=&#8221;1&#8243; reveal_delay=&#8221;0.3&#8243;][vc_zigzag el_border_width=&#8221;8&#8243;][vc_empty_space][\/vc_column][\/vc_row][vc_row][vc_column css_animation=&#8221;none&#8221; reveal_effect=&#8221;fadeIn&#8221; reveal_duration=&#8221;0.7&#8243; reveal_delay=&#8221;0.1&#8243;][lab_heading title=&#8221;Zaufali nam&#8230;&#8221;]Z niekt\u00f3rymi mieli\u015bmy przyjemno\u015b\u0107 ju\u017c wsp\u00f3\u0142pracowa\u0107. Chcesz do nich do\u0142\u0105czy\u0107?[\/lab_heading][\/vc_column][\/vc_row][vc_row][vc_column][lab_clients column_spacing=&#8221;yes&#8221; image_borders=&#8221;no&#8221; reveal_effect=&#8221;fadeIn-one&#8221; height=&#8221;180&#8243;][lab_clients_entry image=&#8221;4402&#8243; title=&#8221;Wydawnictwo Agora&#8221; link=&#8221;url:http%3A%2F%2Fwydawnictwoagora.pl||target:%20_blank|&#8221;][lab_clients_entry image=&#8221;4376&#8243; title=&#8221;Wydawnictwo Akurat&#8221; link=&#8221;url:http%3A%2F%2Fwww.muza.com.pl||target:%20_blank|&#8221;][lab_clients_entry image=&#8221;4378&#8243; title=&#8221;Wydawnictwo Bellona&#8221; link=&#8221;url:http%3A%2F%2Fwww.bellona.pl||target:%20_blank|&#8221;][lab_clients_entry image=&#8221;4380&#8243; title=&#8221;Wydawnictwo BIA\u0141Y KRUK&#8221; link=&#8221;url:http%3A%2F%2Fwww.bialykruk.pl||target:%20_blank|&#8221;][lab_clients_entry image=&#8221;4382&#8243; title=&#8221;Wydawnictwo BURDA&#8221; link=&#8221;url:http%3A%2F%2Fwww.burdaksiazki.pl||target:%20_blank|&#8221;][lab_clients_entry image=&#8221;4384&#8243; title=&#8221;Wydawnictwo CZARNA OWCA&#8221; link=&#8221;url:http%3A%2F%2Fwww.czarnaowca.pl||target:%20_blank|&#8221;][lab_clients_entry image=&#8221;4386&#8243; title=&#8221;Wydawnictwo CZERWONE I CZARNE&#8221; link=&#8221;url:http%3A%2F%2Fwww.czerwoneiczarne.pl||target:%20_blank|&#8221;][lab_clients_entry image=&#8221;4388&#8243; link=&#8221;url:http%3A%2F%2Fdomjp2.pl||target:%20_blank|&#8221; title=&#8221;MUZEUM DOM JANA PAW\u0141A II&#8221;][lab_clients_entry image=&#8221;4390&#8243; link=&#8221;url:http%3A%2F%2Fwww.edipresse.pl||target:%20_blank|&#8221; title=&#8221;Wydawnictwo EDIPRESSE&#8221;][lab_clients_entry image=&#8221;4393&#8243; link=&#8221;url:http%3A%2F%2Fwww.muza.com.pl||target:%20_blank|&#8221; title=&#8221;Wydawnictwo MUZA&#8221;][lab_clients_entry image=&#8221;4395&#8243; link=&#8221;url:http%3A%2F%2Fwww.pascal.pl||target:%20_blank|&#8221; title=&#8221;Wydawnictwo PASCAL&#8221;][lab_clients_entry image=&#8221;4397&#8243; link=&#8221;url:http%3A%2F%2Fwww.proszynski.pl||target:%20_blank|&#8221; title=&#8221;Wydawnictwo PR\u00d3SZY\u0143SKI I SK-A&#8221;][lab_clients_entry image=&#8221;4399&#8243; link=&#8221;url:http%3A%2F%2Fwww.wydawnictwo.pwn.pl%2F||target:%20_blank|&#8221; title=&#8221;Wydawnictwo Naukowe PWN SA&#8221;][lab_clients_entry image=&#8221;4404&#8243; link=&#8221;url:http%3A%2F%2Fwww.rebis.com.pl||target:%20_blank|&#8221; title=&#8221;Wydawnictwo REBIS&#8221;][lab_clients_entry image=&#8221;4408&#8243; link=&#8221;url:http%3A%2F%2Fwww.wydawnictwosbm.pl||target:%20_blank|&#8221; title=&#8221;Wydawnictwo SBM&#8221;][lab_clients_entry image=&#8221;4410&#8243; link=&#8221;url:http%3A%2F%2Fwww.wydawnictwoswiatksiazki.pl||target:%20_blank|&#8221; title=&#8221;Wydawnictwo \u015aWIAT KSI\u0104\u017bKI&#8221;][lab_clients_entry image=&#8221;4413&#8243; link=&#8221;url:http%3A%2F%2Fwww.wydawnictwoliterackie.pl||target:%20_blank|&#8221; title=&#8221;Wydawnictwo Literackie&#8221;][lab_clients_entry image=&#8221;4416&#8243; link=&#8221;url:http%3A%2F%2Fwww.czwartastrona.pl||target:%20_blank|&#8221; title=&#8221;Wydawnictwo CZWARTA STRONA&#8221;][lab_clients_entry image=&#8221;4420&#8243; link=&#8221;url:http%3A%2F%2Fwww.wydawnictwoznak.pl||target:%20_blank|&#8221; title=&#8221;Wydawnictwo ZNAK&#8221;][lab_clients_entry image=&#8221;4422&#8243; link=&#8221;url:http%3A%2F%2Fwww.zwierciadlo.pl%2Ftag%2Fwydawnictwo-zwierciadlo||target:%20_blank|&#8221; title=&#8221;Wydawnictwo Zwierciad\u0142o&#8221;][lab_clients_entry image=&#8221;4514&#8243; link=&#8221;url:http%3A%2F%2Fwww.burdaksiazki.pl||target:%20_blank|&#8221; title=&#8221;Wydawnictwo NATIONAL GEOGRAPHIC&#8221;][lab_clients_entry image=&#8221;4522&#8243; link=&#8221;url:http%3A%2F%2Fwww.horyzonty.pl||target:%20_blank|&#8221; title=&#8221;HORYZONTY&#8221;][lab_clients_entry image=&#8221;10800&#8243; link=&#8221;url:http%3A%2F%2Fwww.altenberg.pl||target:%20_blank|&#8221; title=&#8221;ALTENBERG&#8221;][lab_clients_entry image=&#8221;10802&#8243; link=&#8221;url:http%3A%2F%2Fwww.wydawnictwokobiece.pl||target:%20_blank|&#8221; title=&#8221;WYDAWNICTWO KOBIECE&#8221;][lab_clients_entry image=&#8221;10820&#8243; link=&#8221;url:https%3A%2F%2Fwww.instytutksiazki.pl%2F||target:%20_blank|&#8221; title=&#8221;INSTYTUT KSI\u0104\u017bKI&#8221;][lab_clients_entry image=&#8221;10818&#8243; link=&#8221;url:http%3A%2F%2Fwww.wydawnictwofilia.pl%2F||target:%20_blank|&#8221; title=&#8221;WYDAWNICTWO FILIA&#8221;][lab_clients_entry image=&#8221;10824&#8243; link=&#8221;url:https%3A%2F%2Fmarginesy.com.pl%2Fsklep%2Fkategorie%2F325%2Fwydawnictwo-luna||target:%20_blank|&#8221; title=&#8221;WYDAWNICTWO LUNA&#8221;][lab_clients_entry image=&#8221;10826&#8243; link=&#8221;url:https%3A%2F%2Fwww.gwfoksal.pl%2F||target:%20_blank|&#8221; title=&#8221;WYDAWNICTWO W.A.B.&#8221;][lab_clients_entry image=&#8221;10917&#8243; link=&#8221;url:https%3A%2F%2Fwydawnictwomieta.pl%2F|target:_blank&#8221; title=&#8221;WYDAWNICTWO MI\u0118TA&#8221;][lab_clients_entry image=&#8221;10920&#8243; link=&#8221;url:https%3A%2F%2Fharde.se.pl%2F|target:_blank&#8221; title=&#8221;WYDAWNICTWO HARDE&#8221;][lab_clients_entry image=&#8221;10918&#8243; link=&#8221;url:https%3A%2F%2Fwww.facebook.com%2Fpurplebookwydawnictwo%2F|target:_blank&#8221; title=&#8221;WYDAWNICTWO PURPLE BOOK&#8221;][lab_clients_entry image=&#8221;10932&#8243; link=&#8221;url:https%3A%2F%2Fwww.skarpawarszawska.pl%2F|target:_blank&#8221; title=&#8221;WYDAWNICTWO SKARPA WARSZAWSKA&#8221;][lab_clients_entry image=&#8221;10934&#8243; link=&#8221;url:https%3A%2F%2Fwww.otwarte.eu%2F|target:_blank&#8221; title=&#8221;WYDAWNICTWO OTWARTE&#8221;][lab_clients_entry image=&#8221;10936&#8243; link=&#8221;url:https%3A%2F%2Fmuduko.com%2F|target:_blank&#8221; title=&#8221;WYDAWNICTWO MUDUKO&#8221;][lab_clients_entry image=&#8221;10938&#8243; link=&#8221;url:https%3A%2F%2Fzysk.com.pl%2F|target:_blank&#8221; title=&#8221;WYDAWNICTWO ZYSK&#8221;][\/lab_clients][\/vc_column][\/vc_row][vc_row][vc_column][\/vc_column][\/vc_row]<\/p>\n<\/div>","protected":false},"excerpt":{"rendered":"<p>[vc_row][vc_column css_animation=&#8221;none&#8221; width=&#8221;2\/3&#8243; reveal_effect=&#8221;fadeIn&#8221; css=&#8221;.vc_custom_1508770226721{padding-top: 40px !important;padding-bottom: 40px !important;}&#8221; reveal_delay=&#8221;0.3&#8243;][lab_text_autotype typed_text=&#8221;#E-8_QmV6a29tcHJvbWlzb3dvJUM1JTlCJUM0JTg3JTIwJTNDYnIlM0VuYWRhamUlMjBuYXN6eW0lMjBwcm9qZWt0b20lMjBuaWViYW5hbG55JTIwJTIwJTNDc3BhbiUyMGNsYXNzJTNEJTIyYmxvY2slMjIlM0UlMkEuLi4uLi4lM0JzdHlsJTNCaSUzQmNoYXJha3RlciUyQSUzQyUyRnNwYW4lM0U=&#8221; typed_show_options=&#8221;yes&#8221; typed_options_cursorchar=&#8221;_&#8221; typed_options_typespeed=&#8221;100&#8243; typed_options_backspeed=&#8221;50&#8243; typed_options_startdelay=&#8221;300&#8243;][vc_empty_space height=&#8221;30px&#8221;][vc_row_inner][vc_column_inner width=&#8221;2\/3&#8243;][vc_single_image image=&#8221;4463&#8243; img_size=&#8221;300&#8243; alignment=&#8221;right&#8221; css_animation=&#8221;fadeInLeft&#8221;][\/vc_column_inner][vc_column_inner width=&#8221;1\/3&#8243;][vc_empty_space height=&#8221;200px&#8221;][vc_column_text css_animation=&#8221;fadeIn&#8221;]Pawe\u0142 Panczakiewicz[\/vc_column_text][\/vc_column_inner][\/vc_row_inner][\/vc_column][vc_column width=&#8221;1\/3&#8243;][vc_empty_space height=&#8221;72px&#8221;][vc_column_text]Wiedza i do\u015bwiadczenie graficzne pozwalaj\u0105 nam tworzy\u0107 projekty, kt\u00f3re wyr\u00f3\u017cniaj\u0105 si\u0119 dba\u0142o\u015bci\u0105 o szczeg\u00f3\u0142y. Dzi\u0119ki temu informacja, kt\u00f3r\u0105 przekazuj\u0105, budzi dobre skojarzenia, jest czytelna i przede wszystkim \u2013&hellip;<\/p>\n","protected":false},"author":1,"featured_media":0,"parent":0,"menu_order":0,"comment_status":"closed","ping_status":"closed","template":"","meta":{"_acf_changed":false,"footnotes":""},"class_list":["post-4439","page","type-page","status-publish","hentry"],"acf":[],"yoast_head":"<!-- This site is optimized with the Yoast SEO plugin v26.9 - https:\/\/yoast.com\/product\/yoast-seo-wordpress\/ -->\r\n<title>O nas - PANCZAKIEWICZ ART.DESIGN | Studio projektowania graficznego<\/title>\r\n<meta name=\"robots\" content=\"index, follow, max-snippet:-1, max-image-preview:large, max-video-preview:-1\" \/>\r\n<link rel=\"canonical\" href=\"https:\/\/panczakiewicz.pl\/start\/o-nas\/\" \/>\r\n<meta property=\"og:locale\" content=\"pl_PL\" \/>\r\n<meta property=\"og:type\" content=\"article\" \/>\r\n<meta property=\"og:title\" content=\"O nas - PANCZAKIEWICZ ART.DESIGN | Studio projektowania graficznego\" \/>\r\n<meta property=\"og:description\" content=\"[vc_row][vc_column css_animation=&#8221;none&#8221; width=&#8221;2\/3&#8243; reveal_effect=&#8221;fadeIn&#8221; css=&#8221;.vc_custom_1508770226721{padding-top: 40px !important;padding-bottom: 40px !important;}&#8221; reveal_delay=&#8221;0.3&#8243;][lab_text_autotype typed_text=&#8221;#E-8_QmV6a29tcHJvbWlzb3dvJUM1JTlCJUM0JTg3JTIwJTNDYnIlM0VuYWRhamUlMjBuYXN6eW0lMjBwcm9qZWt0b20lMjBuaWViYW5hbG55JTIwJTIwJTNDc3BhbiUyMGNsYXNzJTNEJTIyYmxvY2slMjIlM0UlMkEuLi4uLi4lM0JzdHlsJTNCaSUzQmNoYXJha3RlciUyQSUzQyUyRnNwYW4lM0U=&#8221; typed_show_options=&#8221;yes&#8221; typed_options_cursorchar=&#8221;_&#8221; typed_options_typespeed=&#8221;100&#8243; typed_options_backspeed=&#8221;50&#8243; typed_options_startdelay=&#8221;300&#8243;][vc_empty_space height=&#8221;30px&#8221;][vc_row_inner][vc_column_inner width=&#8221;2\/3&#8243;][vc_single_image image=&#8221;4463&#8243; img_size=&#8221;300&#8243; alignment=&#8221;right&#8221; css_animation=&#8221;fadeInLeft&#8221;][\/vc_column_inner][vc_column_inner width=&#8221;1\/3&#8243;][vc_empty_space height=&#8221;200px&#8221;][vc_column_text css_animation=&#8221;fadeIn&#8221;]Pawe\u0142 Panczakiewicz[\/vc_column_text][\/vc_column_inner][\/vc_row_inner][\/vc_column][vc_column width=&#8221;1\/3&#8243;][vc_empty_space height=&#8221;72px&#8221;][vc_column_text]Wiedza i do\u015bwiadczenie graficzne pozwalaj\u0105 nam tworzy\u0107 projekty, kt\u00f3re wyr\u00f3\u017cniaj\u0105 si\u0119 dba\u0142o\u015bci\u0105 o szczeg\u00f3\u0142y. Dzi\u0119ki temu informacja, kt\u00f3r\u0105 przekazuj\u0105, budzi dobre skojarzenia, jest czytelna i przede wszystkim \u2013&hellip;\" \/>\r\n<meta property=\"og:url\" content=\"https:\/\/panczakiewicz.pl\/start\/o-nas\/\" \/>\r\n<meta property=\"og:site_name\" content=\"PANCZAKIEWICZ ART.DESIGN | Studio projektowania graficznego\" \/>\r\n<meta property=\"article:publisher\" content=\"https:\/\/www.facebook.com\/PANCZAKIEWICZ.ART.DESIGN\" \/>\r\n<meta property=\"article:modified_time\" content=\"2024-03-06T07:33:01+00:00\" \/>\r\n<meta name=\"twitter:card\" content=\"summary_large_image\" \/>\r\n<meta name=\"twitter:label1\" content=\"Szacowany czas czytania\" \/>\n\t<meta name=\"twitter:data1\" content=\"3 minuty\" \/>\r\n<script type=\"application\/ld+json\" class=\"yoast-schema-graph\">{\"@context\":\"https:\/\/schema.org\",\"@graph\":[{\"@type\":\"WebPage\",\"@id\":\"https:\/\/panczakiewicz.pl\/start\/o-nas\/\",\"url\":\"https:\/\/panczakiewicz.pl\/start\/o-nas\/\",\"name\":\"O nas - PANCZAKIEWICZ ART.DESIGN | Studio projektowania graficznego\",\"isPartOf\":{\"@id\":\"https:\/\/panczakiewicz.pl\/start\/#website\"},\"datePublished\":\"2019-12-12T16:05:56+00:00\",\"dateModified\":\"2024-03-06T07:33:01+00:00\",\"breadcrumb\":{\"@id\":\"https:\/\/panczakiewicz.pl\/start\/o-nas\/#breadcrumb\"},\"inLanguage\":\"pl-PL\",\"potentialAction\":[{\"@type\":\"ReadAction\",\"target\":[\"https:\/\/panczakiewicz.pl\/start\/o-nas\/\"]}]},{\"@type\":\"BreadcrumbList\",\"@id\":\"https:\/\/panczakiewicz.pl\/start\/o-nas\/#breadcrumb\",\"itemListElement\":[{\"@type\":\"ListItem\",\"position\":1,\"name\":\"Strona g\u0142\u00f3wna\",\"item\":\"https:\/\/panczakiewicz.pl\/start\/\"},{\"@type\":\"ListItem\",\"position\":2,\"name\":\"O nas\"}]},{\"@type\":\"WebSite\",\"@id\":\"https:\/\/panczakiewicz.pl\/start\/#website\",\"url\":\"https:\/\/panczakiewicz.pl\/start\/\",\"name\":\"PANCZAKIEWICZ ART.DESIGN | Studio projektowania graficznego\",\"description\":\"Projektowanie mamy we krwi!\",\"publisher\":{\"@id\":\"https:\/\/panczakiewicz.pl\/start\/#organization\"},\"potentialAction\":[{\"@type\":\"SearchAction\",\"target\":{\"@type\":\"EntryPoint\",\"urlTemplate\":\"https:\/\/panczakiewicz.pl\/start\/?s={search_term_string}\"},\"query-input\":{\"@type\":\"PropertyValueSpecification\",\"valueRequired\":true,\"valueName\":\"search_term_string\"}}],\"inLanguage\":\"pl-PL\"},{\"@type\":\"Organization\",\"@id\":\"https:\/\/panczakiewicz.pl\/start\/#organization\",\"name\":\"PANCZAKIEWICZ ART.DESIGN\",\"url\":\"https:\/\/panczakiewicz.pl\/start\/\",\"logo\":{\"@type\":\"ImageObject\",\"inLanguage\":\"pl-PL\",\"@id\":\"https:\/\/panczakiewicz.pl\/start\/#\/schema\/logo\/image\/\",\"url\":\"http:\/\/panczakiewicz.pl\/start\/wp-content\/uploads\/2019\/12\/pad_logo_anim-2.gif\",\"contentUrl\":\"http:\/\/panczakiewicz.pl\/start\/wp-content\/uploads\/2019\/12\/pad_logo_anim-2.gif\",\"width\":122,\"height\":134,\"caption\":\"PANCZAKIEWICZ ART.DESIGN\"},\"image\":{\"@id\":\"https:\/\/panczakiewicz.pl\/start\/#\/schema\/logo\/image\/\"},\"sameAs\":[\"https:\/\/www.facebook.com\/PANCZAKIEWICZ.ART.DESIGN\",\"https:\/\/www.instagram.com\/ppanczakiewicz\/\"]}]}<\/script>\r\n<!-- \/ Yoast SEO plugin. -->","yoast_head_json":{"title":"O nas - PANCZAKIEWICZ ART.DESIGN | Studio projektowania graficznego","robots":{"index":"index","follow":"follow","max-snippet":"max-snippet:-1","max-image-preview":"max-image-preview:large","max-video-preview":"max-video-preview:-1"},"canonical":"https:\/\/panczakiewicz.pl\/start\/o-nas\/","og_locale":"pl_PL","og_type":"article","og_title":"O nas - PANCZAKIEWICZ ART.DESIGN | Studio projektowania graficznego","og_description":"[vc_row][vc_column css_animation=&#8221;none&#8221; width=&#8221;2\/3&#8243; reveal_effect=&#8221;fadeIn&#8221; css=&#8221;.vc_custom_1508770226721{padding-top: 40px !important;padding-bottom: 40px !important;}&#8221; reveal_delay=&#8221;0.3&#8243;][lab_text_autotype typed_text=&#8221;#E-8_QmV6a29tcHJvbWlzb3dvJUM1JTlCJUM0JTg3JTIwJTNDYnIlM0VuYWRhamUlMjBuYXN6eW0lMjBwcm9qZWt0b20lMjBuaWViYW5hbG55JTIwJTIwJTNDc3BhbiUyMGNsYXNzJTNEJTIyYmxvY2slMjIlM0UlMkEuLi4uLi4lM0JzdHlsJTNCaSUzQmNoYXJha3RlciUyQSUzQyUyRnNwYW4lM0U=&#8221; typed_show_options=&#8221;yes&#8221; typed_options_cursorchar=&#8221;_&#8221; typed_options_typespeed=&#8221;100&#8243; typed_options_backspeed=&#8221;50&#8243; typed_options_startdelay=&#8221;300&#8243;][vc_empty_space height=&#8221;30px&#8221;][vc_row_inner][vc_column_inner width=&#8221;2\/3&#8243;][vc_single_image image=&#8221;4463&#8243; img_size=&#8221;300&#8243; alignment=&#8221;right&#8221; css_animation=&#8221;fadeInLeft&#8221;][\/vc_column_inner][vc_column_inner width=&#8221;1\/3&#8243;][vc_empty_space height=&#8221;200px&#8221;][vc_column_text css_animation=&#8221;fadeIn&#8221;]Pawe\u0142 Panczakiewicz[\/vc_column_text][\/vc_column_inner][\/vc_row_inner][\/vc_column][vc_column width=&#8221;1\/3&#8243;][vc_empty_space height=&#8221;72px&#8221;][vc_column_text]Wiedza i do\u015bwiadczenie graficzne pozwalaj\u0105 nam tworzy\u0107 projekty, kt\u00f3re wyr\u00f3\u017cniaj\u0105 si\u0119 dba\u0142o\u015bci\u0105 o szczeg\u00f3\u0142y. Dzi\u0119ki temu informacja, kt\u00f3r\u0105 przekazuj\u0105, budzi dobre skojarzenia, jest czytelna i przede wszystkim \u2013&hellip;","og_url":"https:\/\/panczakiewicz.pl\/start\/o-nas\/","og_site_name":"PANCZAKIEWICZ ART.DESIGN | Studio projektowania graficznego","article_publisher":"https:\/\/www.facebook.com\/PANCZAKIEWICZ.ART.DESIGN","article_modified_time":"2024-03-06T07:33:01+00:00","twitter_card":"summary_large_image","twitter_misc":{"Szacowany czas czytania":"3 minuty"},"schema":{"@context":"https:\/\/schema.org","@graph":[{"@type":"WebPage","@id":"https:\/\/panczakiewicz.pl\/start\/o-nas\/","url":"https:\/\/panczakiewicz.pl\/start\/o-nas\/","name":"O nas - PANCZAKIEWICZ ART.DESIGN | Studio projektowania graficznego","isPartOf":{"@id":"https:\/\/panczakiewicz.pl\/start\/#website"},"datePublished":"2019-12-12T16:05:56+00:00","dateModified":"2024-03-06T07:33:01+00:00","breadcrumb":{"@id":"https:\/\/panczakiewicz.pl\/start\/o-nas\/#breadcrumb"},"inLanguage":"pl-PL","potentialAction":[{"@type":"ReadAction","target":["https:\/\/panczakiewicz.pl\/start\/o-nas\/"]}]},{"@type":"BreadcrumbList","@id":"https:\/\/panczakiewicz.pl\/start\/o-nas\/#breadcrumb","itemListElement":[{"@type":"ListItem","position":1,"name":"Strona g\u0142\u00f3wna","item":"https:\/\/panczakiewicz.pl\/start\/"},{"@type":"ListItem","position":2,"name":"O nas"}]},{"@type":"WebSite","@id":"https:\/\/panczakiewicz.pl\/start\/#website","url":"https:\/\/panczakiewicz.pl\/start\/","name":"PANCZAKIEWICZ ART.DESIGN | Studio projektowania graficznego","description":"Projektowanie mamy we krwi!","publisher":{"@id":"https:\/\/panczakiewicz.pl\/start\/#organization"},"potentialAction":[{"@type":"SearchAction","target":{"@type":"EntryPoint","urlTemplate":"https:\/\/panczakiewicz.pl\/start\/?s={search_term_string}"},"query-input":{"@type":"PropertyValueSpecification","valueRequired":true,"valueName":"search_term_string"}}],"inLanguage":"pl-PL"},{"@type":"Organization","@id":"https:\/\/panczakiewicz.pl\/start\/#organization","name":"PANCZAKIEWICZ ART.DESIGN","url":"https:\/\/panczakiewicz.pl\/start\/","logo":{"@type":"ImageObject","inLanguage":"pl-PL","@id":"https:\/\/panczakiewicz.pl\/start\/#\/schema\/logo\/image\/","url":"http:\/\/panczakiewicz.pl\/start\/wp-content\/uploads\/2019\/12\/pad_logo_anim-2.gif","contentUrl":"http:\/\/panczakiewicz.pl\/start\/wp-content\/uploads\/2019\/12\/pad_logo_anim-2.gif","width":122,"height":134,"caption":"PANCZAKIEWICZ ART.DESIGN"},"image":{"@id":"https:\/\/panczakiewicz.pl\/start\/#\/schema\/logo\/image\/"},"sameAs":["https:\/\/www.facebook.com\/PANCZAKIEWICZ.ART.DESIGN","https:\/\/www.instagram.com\/ppanczakiewicz\/"]}]}},"jetpack_sharing_enabled":true,"_links":{"self":[{"href":"https:\/\/panczakiewicz.pl\/start\/wp-json\/wp\/v2\/pages\/4439","targetHints":{"allow":["GET"]}}],"collection":[{"href":"https:\/\/panczakiewicz.pl\/start\/wp-json\/wp\/v2\/pages"}],"about":[{"href":"https:\/\/panczakiewicz.pl\/start\/wp-json\/wp\/v2\/types\/page"}],"author":[{"embeddable":true,"href":"https:\/\/panczakiewicz.pl\/start\/wp-json\/wp\/v2\/users\/1"}],"replies":[{"embeddable":true,"href":"https:\/\/panczakiewicz.pl\/start\/wp-json\/wp\/v2\/comments?post=4439"}],"version-history":[{"count":67,"href":"https:\/\/panczakiewicz.pl\/start\/wp-json\/wp\/v2\/pages\/4439\/revisions"}],"predecessor-version":[{"id":10939,"href":"https:\/\/panczakiewicz.pl\/start\/wp-json\/wp\/v2\/pages\/4439\/revisions\/10939"}],"wp:attachment":[{"href":"https:\/\/panczakiewicz.pl\/start\/wp-json\/wp\/v2\/media?parent=4439"}],"curies":[{"name":"wp","href":"https:\/\/api.w.org\/{rel}","templated":true}]}}